{"id":87,"date":"2017-05-25T17:04:42","date_gmt":"2017-05-25T17:04:42","guid":{"rendered":"http:\/\/dev.blickicht.theme\/wp-art\/?page_id=87"},"modified":"2023-10-18T13:05:54","modified_gmt":"2023-10-18T13:05:54","slug":"legal-notice","status":"publish","type":"page","link":"https:\/\/www.hep.co.at\/en\/legal-notice\/","title":{"rendered":"legal notice"},"content":{"rendered":"<div id=\"pl-87\"  class=\"panel-layout\" ><div id=\"pg-87-0\"  class=\"panel-grid panel-no-style\" ><div id=\"pgc-87-0-0\"  class=\"panel-grid-cell\" ><div id=\"panel-87-0-0-0\" class=\"so-panel widget widget_sow-editor panel-first-child panel-last-child\" data-index=\"0\" ><div\n\t\t\t\n\t\t\tclass=\"so-widget-sow-editor so-widget-sow-editor-base\"\n\t\t\t\n\t\t>\n<div class=\"siteorigin-widget-tinymce textwidget\">\n\t<h1>legal details<\/h1>\n<p>&nbsp;<\/p>\n<hr \/>\n<h2>e-commerce and media law information<\/h2>\n<h3>address and communication details:<\/h3>\n<p><strong>Huber und Partner Rechtsanw\u00e4lte GmbH<\/strong><\/p>\n<p><a href=\"mailto:office@hep.co.at\">office@hep.co.at<\/a><br \/>\n<a href=\"tel:+43 732 65 69 69\">+43 732 65 69 69<\/a><br \/>\nSchillerstra\u00dfe 12<br \/>\nA-4020 Linz<\/p>\n<h2><\/h2>\n<p><strong>Firmenbuch-Nr<\/strong>.: FN 300933 z<br \/>\n<strong>Firmenbuch-Gericht<\/strong>: LG Linz<br \/>\n<strong>UID-Nr<\/strong>.: ATU63713002<br \/>\n<strong>Berufsbezeichnung<\/strong>: Rechtsanw\u00e4lte, <strong>Verleihungsstaat<\/strong>: \u00d6sterreich<br \/>\n<strong>Unternehmensgegenstand<\/strong>: Aus\u00fcbung der Rechtsanwaltschaft<br \/>\n<strong>Zust\u00e4ndige Kammer, Aufsichtsbeh\u00f6rde<\/strong>: Rechtsanwaltskammer Ober\u00f6sterreich, Gruberstra\u00dfe 21, 4020 Linz, Tel: +43 (0)732\/771730, Fax: +43 (0)732\/771730-85, E-Mail: office@ooerak.or.at, Website: www.ooerak.at<br \/>\n<strong>Anwendbare berufsrechtliche Vorschriften<\/strong>: Rechtsanwaltsordnung (RAO), Richtlinien f\u00fcr die Aus\u00fcbung des Rechtsanwaltsberufes (RL-BA), Rechtsanwaltstarifgesetz (RATG), Allgemeine Honorar-Kritieren (AHK), Disziplinarstatut (DSt)<br \/>\n<strong>Zugang zu den anwendbaren Vorschriften<\/strong>: <a href=\"http:\/\/www.ris.bka.gv.at\/\">www.ris.bka.gv.at<\/a><br \/>\n<strong>Gesch\u00e4ftsf\u00fchrer<\/strong>:<br \/>\nDr. Bernhard Huber<br \/>\nMag. Eva Huber-Stockinger<br \/>\nMag. Elisabeth Nagel<br \/>\nMag. Laura Schobesberger<br \/>\nMag. Thomas Riedler<\/p>\n<p>webdesign &amp; photography: <a href=\"http:\/\/blickicht.com\/\">BLICKICHT.COM<\/a><\/p>\n<hr \/>\n<h2>Data protection<\/h2>\n<p>Please find our data protection declaration, including acces data, contact details, links and your rights here:\u00a0<a href=\"https:\/\/www.hep.co.at\/de\/datenschutz\/\">data protection<\/a><\/p>\n<p>&nbsp;<\/p>\n<\/div>\n<\/div><\/div><\/div><\/div><\/div>","protected":false},"excerpt":{"rendered":"<p>legal details &nbsp; e-commerce and media law information address and communication details: Huber und Partner Rechtsanw\u00e4lte GmbH office@hep.co.at +43 732 65 69 69 Schillerstra\u00dfe 12 A-4020 Linz Firmenbuch-Nr.: FN 300933 z Firmenbuch-Gericht: LG Linz UID-Nr.: ATU63713002 Berufsbezeichnung: Rechtsanw\u00e4lte, Verleihungsstaat: \u00d6sterreich Unternehmensgegenstand: Aus\u00fcbung der Rechtsanwaltschaft Zust\u00e4ndige Kammer, Aufsichtsbeh\u00f6rde: Rechtsanwaltskammer Ober\u00f6sterreich, Gruberstra\u00dfe 21, 4020 Linz, Tel: +43 [&hellip;]<\/p>\n","protected":false},"author":6,"featured_media":0,"parent":0,"menu_order":0,"comment_status":"closed","ping_status":"closed","template":"","meta":[],"acf":[],"yoast_head":"<!-- This site is optimized with the Yoast SEO plugin v20.13 - https:\/\/yoast.com\/wordpress\/plugins\/seo\/ -->\n<title>legal notice - Huber Partner Rechtsanw\u00e4lte GmbH - Wirtschaftsrecht - Linz<\/title>\n<meta name=\"robots\" content=\"index, follow, max-snippet:-1, max-image-preview:large, max-video-preview:-1\" \/>\n<link rel=\"canonical\" href=\"https:\/\/www.hep.co.at\/en\/legal-notice\/\" \/>\n<meta property=\"og:locale\" content=\"en_GB\" \/>\n<meta property=\"og:type\" content=\"article\" \/>\n<meta property=\"og:title\" content=\"legal notice - Huber Partner Rechtsanw\u00e4lte GmbH - Wirtschaftsrecht - Linz\" \/>\n<meta property=\"og:description\" content=\"legal details &nbsp; e-commerce and media law information address and communication details: Huber und Partner Rechtsanw\u00e4lte GmbH office@hep.co.at +43 732 65 69 69 Schillerstra\u00dfe 12 A-4020 Linz Firmenbuch-Nr.: FN 300933 z Firmenbuch-Gericht: LG Linz UID-Nr.: ATU63713002 Berufsbezeichnung: Rechtsanw\u00e4lte, Verleihungsstaat: \u00d6sterreich Unternehmensgegenstand: Aus\u00fcbung der Rechtsanwaltschaft Zust\u00e4ndige Kammer, Aufsichtsbeh\u00f6rde: Rechtsanwaltskammer Ober\u00f6sterreich, Gruberstra\u00dfe 21, 4020 Linz, Tel: +43 [&hellip;]\" \/>\n<meta property=\"og:url\" content=\"https:\/\/www.hep.co.at\/en\/legal-notice\/\" \/>\n<meta property=\"og:site_name\" content=\"Huber Partner Rechtsanw\u00e4lte GmbH - Wirtschaftsrecht - Linz\" \/>\n<meta property=\"article:modified_time\" content=\"2023-10-18T13:05:54+00:00\" \/>\n<meta name=\"twitter:card\" content=\"summary_large_image\" \/>\n<meta name=\"twitter:label1\" content=\"Estimated reading time\" \/>\n\t<meta name=\"twitter:data1\" content=\"1 minute\" \/>\n<script type=\"application\/ld+json\" class=\"yoast-schema-graph\">{\"@context\":\"https:\/\/schema.org\",\"@graph\":[{\"@type\":\"WebPage\",\"@id\":\"https:\/\/www.hep.co.at\/en\/legal-notice\/\",\"url\":\"https:\/\/www.hep.co.at\/en\/legal-notice\/\",\"name\":\"legal notice - Huber Partner Rechtsanw\u00e4lte GmbH - Wirtschaftsrecht - Linz\",\"isPartOf\":{\"@id\":\"https:\/\/www.hep.co.at\/en\/#website\"},\"datePublished\":\"2017-05-25T17:04:42+00:00\",\"dateModified\":\"2023-10-18T13:05:54+00:00\",\"breadcrumb\":{\"@id\":\"https:\/\/www.hep.co.at\/en\/legal-notice\/#breadcrumb\"},\"inLanguage\":\"en-GB\",\"potentialAction\":[{\"@type\":\"ReadAction\",\"target\":[\"https:\/\/www.hep.co.at\/en\/legal-notice\/\"]}]},{\"@type\":\"BreadcrumbList\",\"@id\":\"https:\/\/www.hep.co.at\/en\/legal-notice\/#breadcrumb\",\"itemListElement\":[{\"@type\":\"ListItem\",\"position\":1,\"name\":\"Home\",\"item\":\"https:\/\/www.hep.co.at\/en\/\"},{\"@type\":\"ListItem\",\"position\":2,\"name\":\"legal notice\"}]},{\"@type\":\"WebSite\",\"@id\":\"https:\/\/www.hep.co.at\/en\/#website\",\"url\":\"https:\/\/www.hep.co.at\/en\/\",\"name\":\"Huber Partner Rechtsanw\u00e4lte GmbH - Wirtschaftsrecht - Linz\",\"description\":\"Wirtschaftsrecht\",\"potentialAction\":[{\"@type\":\"SearchAction\",\"target\":{\"@type\":\"EntryPoint\",\"urlTemplate\":\"https:\/\/www.hep.co.at\/en\/?s={search_term_string}\"},\"query-input\":\"required name=search_term_string\"}],\"inLanguage\":\"en-GB\"}]}<\/script>\n<!-- \/ Yoast SEO plugin. -->","yoast_head_json":{"title":"legal notice - Huber Partner Rechtsanw\u00e4lte GmbH - Wirtschaftsrecht - Linz","robots":{"index":"index","follow":"follow","max-snippet":"max-snippet:-1","max-image-preview":"max-image-preview:large","max-video-preview":"max-video-preview:-1"},"canonical":"https:\/\/www.hep.co.at\/en\/legal-notice\/","og_locale":"en_GB","og_type":"article","og_title":"legal notice - Huber Partner Rechtsanw\u00e4lte GmbH - Wirtschaftsrecht - Linz","og_description":"legal details &nbsp; e-commerce and media law information address and communication details: Huber und Partner Rechtsanw\u00e4lte GmbH office@hep.co.at +43 732 65 69 69 Schillerstra\u00dfe 12 A-4020 Linz Firmenbuch-Nr.: FN 300933 z Firmenbuch-Gericht: LG Linz UID-Nr.: ATU63713002 Berufsbezeichnung: Rechtsanw\u00e4lte, Verleihungsstaat: \u00d6sterreich Unternehmensgegenstand: Aus\u00fcbung der Rechtsanwaltschaft Zust\u00e4ndige Kammer, Aufsichtsbeh\u00f6rde: Rechtsanwaltskammer Ober\u00f6sterreich, Gruberstra\u00dfe 21, 4020 Linz, Tel: +43 [&hellip;]","og_url":"https:\/\/www.hep.co.at\/en\/legal-notice\/","og_site_name":"Huber Partner Rechtsanw\u00e4lte GmbH - Wirtschaftsrecht - Linz","article_modified_time":"2023-10-18T13:05:54+00:00","twitter_card":"summary_large_image","twitter_misc":{"Estimated reading time":"1 minute"},"schema":{"@context":"https:\/\/schema.org","@graph":[{"@type":"WebPage","@id":"https:\/\/www.hep.co.at\/en\/legal-notice\/","url":"https:\/\/www.hep.co.at\/en\/legal-notice\/","name":"legal notice - Huber Partner Rechtsanw\u00e4lte GmbH - Wirtschaftsrecht - Linz","isPartOf":{"@id":"https:\/\/www.hep.co.at\/en\/#website"},"datePublished":"2017-05-25T17:04:42+00:00","dateModified":"2023-10-18T13:05:54+00:00","breadcrumb":{"@id":"https:\/\/www.hep.co.at\/en\/legal-notice\/#breadcrumb"},"inLanguage":"en-GB","potentialAction":[{"@type":"ReadAction","target":["https:\/\/www.hep.co.at\/en\/legal-notice\/"]}]},{"@type":"BreadcrumbList","@id":"https:\/\/www.hep.co.at\/en\/legal-notice\/#breadcrumb","itemListElement":[{"@type":"ListItem","position":1,"name":"Home","item":"https:\/\/www.hep.co.at\/en\/"},{"@type":"ListItem","position":2,"name":"legal notice"}]},{"@type":"WebSite","@id":"https:\/\/www.hep.co.at\/en\/#website","url":"https:\/\/www.hep.co.at\/en\/","name":"Huber Partner Rechtsanw\u00e4lte GmbH - Wirtschaftsrecht - Linz","description":"Wirtschaftsrecht","potentialAction":[{"@type":"SearchAction","target":{"@type":"EntryPoint","urlTemplate":"https:\/\/www.hep.co.at\/en\/?s={search_term_string}"},"query-input":"required name=search_term_string"}],"inLanguage":"en-GB"}]}},"_links":{"self":[{"href":"https:\/\/www.hep.co.at\/en\/wp-json\/wp\/v2\/pages\/87"}],"collection":[{"href":"https:\/\/www.hep.co.at\/en\/wp-json\/wp\/v2\/pages"}],"about":[{"href":"https:\/\/www.hep.co.at\/en\/wp-json\/wp\/v2\/types\/page"}],"author":[{"embeddable":true,"href":"https:\/\/www.hep.co.at\/en\/wp-json\/wp\/v2\/users\/6"}],"replies":[{"embeddable":true,"href":"https:\/\/www.hep.co.at\/en\/wp-json\/wp\/v2\/comments?post=87"}],"version-history":[{"count":20,"href":"https:\/\/www.hep.co.at\/en\/wp-json\/wp\/v2\/pages\/87\/revisions"}],"predecessor-version":[{"id":1913,"href":"https:\/\/www.hep.co.at\/en\/wp-json\/wp\/v2\/pages\/87\/revisions\/1913"}],"wp:attachment":[{"href":"https:\/\/www.hep.co.at\/en\/wp-json\/wp\/v2\/media?parent=87"}],"curies":[{"name":"wp","href":"https:\/\/api.w.org\/{rel}","templated":true}]}}