{"id":93,"date":"2017-05-25T17:05:34","date_gmt":"2017-05-25T17:05:34","guid":{"rendered":"http:\/\/dev.blickicht.theme\/wp-art\/?page_id=93"},"modified":"2022-09-30T09:21:35","modified_gmt":"2022-09-30T09:21:35","slug":"contact","status":"publish","type":"page","link":"https:\/\/www.hep.co.at\/en\/contact\/","title":{"rendered":"contact"},"content":{"rendered":"<div id=\"pl-93\"  class=\"panel-layout\" ><div id=\"pg-93-0\"  class=\"panel-grid panel-no-style\" ><div id=\"pgc-93-0-0\"  class=\"panel-grid-cell\" ><div id=\"panel-93-0-0-0\" class=\"so-panel widget widget_sow-image panel-first-child panel-last-child\" data-index=\"0\" ><div\n\t\t\t\n\t\t\tclass=\"so-widget-sow-image so-widget-sow-image-default-8b5b6f678277-93\"\n\t\t\t\n\t\t>\n\n<div class=\"sow-image-container\">\n\t\t<img src=\"https:\/\/www.hep.co.at\/en\/wp-content\/uploads\/2017\/05\/HEP-Rechtsanwaelte-by-BLICKICHT.COM-2017-No174253.jpg\" width=\"1200\" height=\"800\" srcset=\"https:\/\/www.hep.co.at\/en\/wp-content\/uploads\/2017\/05\/HEP-Rechtsanwaelte-by-BLICKICHT.COM-2017-No174253.jpg 1200w, https:\/\/www.hep.co.at\/en\/wp-content\/uploads\/2017\/05\/HEP-Rechtsanwaelte-by-BLICKICHT.COM-2017-No174253-400x267.jpg 400w, https:\/\/www.hep.co.at\/en\/wp-content\/uploads\/2017\/05\/HEP-Rechtsanwaelte-by-BLICKICHT.COM-2017-No174253-800x533.jpg 800w, https:\/\/www.hep.co.at\/en\/wp-content\/uploads\/2017\/05\/HEP-Rechtsanwaelte-by-BLICKICHT.COM-2017-No174253-272x182.jpg 272w, https:\/\/www.hep.co.at\/en\/wp-content\/uploads\/2017\/05\/HEP-Rechtsanwaelte-by-BLICKICHT.COM-2017-No174253-768x512.jpg 768w, https:\/\/www.hep.co.at\/en\/wp-content\/uploads\/2017\/05\/HEP-Rechtsanwaelte-by-BLICKICHT.COM-2017-No174253-1024x683.jpg 1024w, https:\/\/www.hep.co.at\/en\/wp-content\/uploads\/2017\/05\/HEP-Rechtsanwaelte-by-BLICKICHT.COM-2017-No174253-150x100.jpg 150w\" sizes=\"(max-width: 1200px) 100vw, 1200px\" title=\"HEP-Rechtsanw\u00e4lte\" alt=\"\" loading=\"lazy\" \t\tclass=\"so-widget-image\"\/>\n\t<\/div>\n\n<\/div><\/div><\/div><\/div><div id=\"pg-93-1\"  class=\"panel-grid panel-no-style\" ><div id=\"pgc-93-1-0\"  class=\"panel-grid-cell\" ><div id=\"panel-93-1-0-0\" class=\"so-panel widget widget_sow-editor panel-first-child\" data-index=\"1\" ><div\n\t\t\t\n\t\t\tclass=\"so-widget-sow-editor so-widget-sow-editor-base\"\n\t\t\t\n\t\t>\n<div class=\"siteorigin-widget-tinymce textwidget\">\n\t<h1>contact<\/h1>\n<p><strong>Huber und Partner Rechtsanw\u00e4lte GmbH<\/strong><\/p>\n<p><a href=\"mailto:office@hep.co.at\">office@hep.co.at<br \/> <\/a><a href=\"tel: +43 732 65 69 69\">+43 732 65 69 69<\/a><\/p>\n<p>Schillerstra\u00dfe 12<br \/> A-4020 Linz<\/p>\n<\/div>\n<\/div><\/div><div id=\"panel-93-1-0-1\" class=\"so-panel widget widget_sow-editor panel-last-child\" data-index=\"2\" ><div\n\t\t\t\n\t\t\tclass=\"so-widget-sow-editor so-widget-sow-editor-base\"\n\t\t\t\n\t\t>\n<div class=\"siteorigin-widget-tinymce textwidget\">\n\t<div class=\"BorlabsCookie _brlbs-cb-googlemaps\"><div class=\"_brlbs-content-blocker\"> <div class=\"_brlbs-embed _brlbs-google-maps\"> <img class=\"_brlbs-thumbnail\" src=\"https:\/\/www.hep.co.at\/en\/wp-content\/plugins\/borlabs-cookie\/assets\/images\/cb-maps.png\" alt=\"Google Maps\"> <div class=\"_brlbs-caption\"> <p>By loading the map, you agree to Google's privacy policy.<br><a href=\"https:\/\/policies.google.com\/privacy?hl=en&amp;gl=en\" target=\"_blank\" rel=\"nofollow noopener noreferrer\">Learn more<\/a><\/p> <p><a class=\"_brlbs-btn\" href=\"#\" data-borlabs-cookie-unblock role=\"button\">Load map<\/a><\/p> <p><label><input type=\"checkbox\" name=\"unblockAll\" value=\"1\" checked> <small>Always unblock Google Maps<\/small><\/label><\/p> <\/div> <\/div> <\/div><div class=\"borlabs-hide\" data-borlabs-cookie-type=\"content-blocker\" data-borlabs-cookie-id=\"googlemaps\"><script type=\"text\/template\">PHA+PGlmcmFtZSBsb2FkaW5nPSJsYXp5IiBzdHlsZT0iYm9yZGVyOiAwOyB3aWR0aDogMTAwJTsiIHNyYz0iaHR0cHM6Ly93d3cuZ29vZ2xlLmNvbS9tYXBzL2VtYmVkP3BiPSE0djE2NTk2MDkwMzE1MDEhNm04ITFtNyExc0NBb1NMRUZHTVZGcGNFODNXWEpTWDJoNFpWcEZYeTB6ZGxGR2VuVXlaWFUxYTB4NlNWZE1jREp1UkdkMVdVdDUhMm0yITFkNDguMjk3NTUxNzgxNTY3ITJkMTQuMjkzMjQzOTUxMjEzITNmMTIuODY3MjUyMDk0NTkwMjk5ITRmLTYuOTU4NDExMTk3ODk2ODA4ITVmMC43ODIwODY1OTc0NjI3NDY5IiB3aWR0aD0iNjAwIiBoZWlnaHQ9IjQ1MCIgYWxsb3dmdWxsc2NyZWVuPSJhbGxvd2Z1bGxzY3JlZW4iPjwvaWZyYW1lPjwvcD4=<\/script><\/div><\/div>\n<\/div>\n<\/div><\/div><\/div><\/div><div id=\"pg-93-2\"  class=\"panel-grid panel-no-style\" ><div id=\"pgc-93-2-0\"  class=\"panel-grid-cell\" ><section class=\"blck-grid-masonry blck_team_grid_view\"data-colspc=\"3\" data-colstablet=\"2\" data-colsphone=\"1\" data-breakpc =\"960\" data-breaktablet =\"585\" data-align = \"left\"><a href=\"https:\/\/www.hep.co.at\/en\/team\/dr-bernhard-huber-llm\/\" class=\"blck-grid-masonry-item blck-columns-1\" data-columns=\"1\"><img data-width=\"2400\" data-height=\"2400\" data-src=\"https:\/\/www.hep.co.at\/en\/wp-content\/uploads\/2017\/08\/20240203_Hep__0381.jpg\" data-src-medium=\"https:\/\/www.hep.co.at\/en\/wp-content\/uploads\/2017\/08\/20240203_Hep__0381-800x800.jpg\" data-src-large=\"https:\/\/www.hep.co.at\/en\/wp-content\/uploads\/2017\/08\/20240203_Hep__0381-1024x1024.jpg\" alt=\"20240203_Hep__0381\" src=\"https:\/\/www.hep.co.at\/en\/wp-content\/uploads\/2017\/08\/20240203_Hep__0381.jpg\"><h2>Dr. Bernhard Huber, LLM, lawyer and partner<\/h2><\/a><a href=\"https:\/\/www.hep.co.at\/en\/team\/mag-eva-huber-stockinger-mba\/\" class=\"blck-grid-masonry-item blck-columns-1\" data-columns=\"1\"><img data-width=\"2400\" data-height=\"2400\" data-src=\"https:\/\/www.hep.co.at\/en\/wp-content\/uploads\/2017\/07\/20240203_Hep__0391.jpg\" data-src-medium=\"https:\/\/www.hep.co.at\/en\/wp-content\/uploads\/2017\/07\/20240203_Hep__0391-800x800.jpg\" data-src-large=\"https:\/\/www.hep.co.at\/en\/wp-content\/uploads\/2017\/07\/20240203_Hep__0391-1024x1024.jpg\" alt=\"20240203_Hep__0391\" src=\"https:\/\/www.hep.co.at\/en\/wp-content\/uploads\/2017\/07\/20240203_Hep__0391.jpg\"><h2>Mag. Eva Huber-Stockinger MBA, lawyer and partner<\/h2><\/a><a href=\"https:\/\/www.hep.co.at\/en\/team\/mag-elisabeth-nagel\/\" class=\"blck-grid-masonry-item blck-columns-1\" data-columns=\"1\"><img data-width=\"2400\" data-height=\"2400\" data-src=\"https:\/\/www.hep.co.at\/en\/wp-content\/uploads\/2017\/07\/20240203_Hep__0386.jpg\" data-src-medium=\"https:\/\/www.hep.co.at\/en\/wp-content\/uploads\/2017\/07\/20240203_Hep__0386-800x800.jpg\" data-src-large=\"https:\/\/www.hep.co.at\/en\/wp-content\/uploads\/2017\/07\/20240203_Hep__0386-1024x1024.jpg\" alt=\"20240203_Hep__0386\" src=\"https:\/\/www.hep.co.at\/en\/wp-content\/uploads\/2017\/07\/20240203_Hep__0386.jpg\"><h2>Mag. Elisabeth Nagel, lawyer and partner<\/h2><\/a><a href=\"https:\/\/www.hep.co.at\/en\/team\/mag-laura-schobesberger-2\/\" class=\"blck-grid-masonry-item blck-columns-1\" data-columns=\"1\"><img data-width=\"2400\" data-height=\"2400\" data-src=\"https:\/\/www.hep.co.at\/en\/wp-content\/uploads\/2017\/08\/20240203_Hep__0370.jpg\" data-src-medium=\"https:\/\/www.hep.co.at\/en\/wp-content\/uploads\/2017\/08\/20240203_Hep__0370-800x800.jpg\" data-src-large=\"https:\/\/www.hep.co.at\/en\/wp-content\/uploads\/2017\/08\/20240203_Hep__0370-1024x1024.jpg\" alt=\"20240203_Hep__0370\" src=\"https:\/\/www.hep.co.at\/en\/wp-content\/uploads\/2017\/08\/20240203_Hep__0370.jpg\"><h2>Mag. Laura Schobesberger, lawyer and partner<\/h2><\/a><a href=\"https:\/\/www.hep.co.at\/en\/team\/mag-thomas-riedler\/\" class=\"blck-grid-masonry-item blck-columns-1\" data-columns=\"1\"><img data-width=\"2400\" data-height=\"2400\" data-src=\"https:\/\/www.hep.co.at\/en\/wp-content\/uploads\/2017\/08\/20240203_Hep__0394.jpg\" data-src-medium=\"https:\/\/www.hep.co.at\/en\/wp-content\/uploads\/2017\/08\/20240203_Hep__0394-800x800.jpg\" data-src-large=\"https:\/\/www.hep.co.at\/en\/wp-content\/uploads\/2017\/08\/20240203_Hep__0394-1024x1024.jpg\" alt=\"20240203_Hep__0394\" src=\"https:\/\/www.hep.co.at\/en\/wp-content\/uploads\/2017\/08\/20240203_Hep__0394.jpg\"><h2>Mag. Thomas Riedler, lawyer and partner<\/h2><\/a><a href=\"https:\/\/www.hep.co.at\/en\/team\/dr-elisabeth-achatz-kandut\/\" class=\"blck-grid-masonry-item blck-columns-1\" data-columns=\"1\"><img data-width=\"1200\" data-height=\"1200\" data-src=\"https:\/\/www.hep.co.at\/en\/wp-content\/uploads\/2017\/05\/HEP-Rechtsanwaelte-Elisabeth-Achatz-Kandut-by-BLICKICHT.COM-2017-No150341.jpg\" data-src-medium=\"https:\/\/www.hep.co.at\/en\/wp-content\/uploads\/2017\/05\/HEP-Rechtsanwaelte-Elisabeth-Achatz-Kandut-by-BLICKICHT.COM-2017-No150341-800x800.jpg\" data-src-large=\"https:\/\/www.hep.co.at\/en\/wp-content\/uploads\/2017\/05\/HEP-Rechtsanwaelte-Elisabeth-Achatz-Kandut-by-BLICKICHT.COM-2017-No150341-1024x1024.jpg\" alt=\"Dr. Elisabeth Achatz-Kandut\" src=\"https:\/\/www.hep.co.at\/en\/wp-content\/uploads\/2017\/05\/HEP-Rechtsanwaelte-Elisabeth-Achatz-Kandut-by-BLICKICHT.COM-2017-No150341.jpg\"><h2>Dr. Elisabeth Achatz-Kandut, lawyer in cooperation<\/h2><\/a><a href=\"https:\/\/www.hep.co.at\/en\/team\/mag-georg-huber\/\" class=\"blck-grid-masonry-item blck-columns-1\" data-columns=\"1\"><img data-width=\"2087\" data-height=\"2101\" data-src=\"https:\/\/www.hep.co.at\/en\/wp-content\/uploads\/2021\/01\/20240203_Hep__0348.jpg\" data-src-medium=\"https:\/\/www.hep.co.at\/en\/wp-content\/uploads\/2021\/01\/20240203_Hep__0348-795x800.jpg\" data-src-large=\"https:\/\/www.hep.co.at\/en\/wp-content\/uploads\/2021\/01\/20240203_Hep__0348-1017x1024.jpg\" alt=\"20240203_Hep__0348\" src=\"https:\/\/www.hep.co.at\/en\/wp-content\/uploads\/2021\/01\/20240203_Hep__0348.jpg\"><h2>Mag. Georg Huber, associate<\/h2><\/a><\/section><\/div><\/div><\/div>","protected":false},"excerpt":{"rendered":"<p>contact Huber und Partner Rechtsanw\u00e4lte GmbH office@hep.co.at +43 732 65 69 69 Schillerstra\u00dfe 12 A-4020 Linz By loading the map, you agree to Google&#8217;s privacy policy.Learn more Load map Always unblock Google Maps<\/p>\n","protected":false},"author":6,"featured_media":0,"parent":0,"menu_order":0,"comment_status":"closed","ping_status":"closed","template":"","meta":[],"acf":[],"yoast_head":"<!-- This site is optimized with the Yoast SEO plugin v20.13 - https:\/\/yoast.com\/wordpress\/plugins\/seo\/ -->\n<title>contact - Huber Partner Rechtsanw\u00e4lte GmbH - Wirtschaftsrecht - Linz<\/title>\n<meta name=\"robots\" content=\"index, follow, max-snippet:-1, max-image-preview:large, max-video-preview:-1\" \/>\n<link rel=\"canonical\" href=\"https:\/\/www.hep.co.at\/en\/contact\/\" \/>\n<meta property=\"og:locale\" content=\"en_GB\" \/>\n<meta property=\"og:type\" content=\"article\" \/>\n<meta property=\"og:title\" content=\"contact - Huber Partner Rechtsanw\u00e4lte GmbH - Wirtschaftsrecht - Linz\" \/>\n<meta property=\"og:description\" content=\"contact Huber und Partner Rechtsanw\u00e4lte GmbH office@hep.co.at +43 732 65 69 69 Schillerstra\u00dfe 12 A-4020 Linz By loading the map, you agree to Google&#039;s privacy policy.Learn more Load map Always unblock Google Maps\" \/>\n<meta property=\"og:url\" content=\"https:\/\/www.hep.co.at\/en\/contact\/\" \/>\n<meta property=\"og:site_name\" content=\"Huber Partner Rechtsanw\u00e4lte GmbH - Wirtschaftsrecht - Linz\" \/>\n<meta property=\"article:modified_time\" content=\"2022-09-30T09:21:35+00:00\" \/>\n<meta name=\"twitter:card\" content=\"summary_large_image\" \/>\n<meta name=\"twitter:label1\" content=\"Estimated reading time\" \/>\n\t<meta name=\"twitter:data1\" content=\"1 minute\" \/>\n<script type=\"application\/ld+json\" class=\"yoast-schema-graph\">{\"@context\":\"https:\/\/schema.org\",\"@graph\":[{\"@type\":\"WebPage\",\"@id\":\"https:\/\/www.hep.co.at\/en\/contact\/\",\"url\":\"https:\/\/www.hep.co.at\/en\/contact\/\",\"name\":\"contact - Huber Partner Rechtsanw\u00e4lte GmbH - Wirtschaftsrecht - Linz\",\"isPartOf\":{\"@id\":\"https:\/\/www.hep.co.at\/en\/#website\"},\"datePublished\":\"2017-05-25T17:05:34+00:00\",\"dateModified\":\"2022-09-30T09:21:35+00:00\",\"breadcrumb\":{\"@id\":\"https:\/\/www.hep.co.at\/en\/contact\/#breadcrumb\"},\"inLanguage\":\"en-GB\",\"potentialAction\":[{\"@type\":\"ReadAction\",\"target\":[\"https:\/\/www.hep.co.at\/en\/contact\/\"]}]},{\"@type\":\"BreadcrumbList\",\"@id\":\"https:\/\/www.hep.co.at\/en\/contact\/#breadcrumb\",\"itemListElement\":[{\"@type\":\"ListItem\",\"position\":1,\"name\":\"Home\",\"item\":\"https:\/\/www.hep.co.at\/en\/\"},{\"@type\":\"ListItem\",\"position\":2,\"name\":\"contact\"}]},{\"@type\":\"WebSite\",\"@id\":\"https:\/\/www.hep.co.at\/en\/#website\",\"url\":\"https:\/\/www.hep.co.at\/en\/\",\"name\":\"Huber Partner Rechtsanw\u00e4lte GmbH - Wirtschaftsrecht - Linz\",\"description\":\"Wirtschaftsrecht\",\"potentialAction\":[{\"@type\":\"SearchAction\",\"target\":{\"@type\":\"EntryPoint\",\"urlTemplate\":\"https:\/\/www.hep.co.at\/en\/?s={search_term_string}\"},\"query-input\":\"required name=search_term_string\"}],\"inLanguage\":\"en-GB\"}]}<\/script>\n<!-- \/ Yoast SEO plugin. -->","yoast_head_json":{"title":"contact - Huber Partner Rechtsanw\u00e4lte GmbH - Wirtschaftsrecht - Linz","robots":{"index":"index","follow":"follow","max-snippet":"max-snippet:-1","max-image-preview":"max-image-preview:large","max-video-preview":"max-video-preview:-1"},"canonical":"https:\/\/www.hep.co.at\/en\/contact\/","og_locale":"en_GB","og_type":"article","og_title":"contact - Huber Partner Rechtsanw\u00e4lte GmbH - Wirtschaftsrecht - Linz","og_description":"contact Huber und Partner Rechtsanw\u00e4lte GmbH office@hep.co.at +43 732 65 69 69 Schillerstra\u00dfe 12 A-4020 Linz By loading the map, you agree to Google's privacy policy.Learn more Load map Always unblock Google Maps","og_url":"https:\/\/www.hep.co.at\/en\/contact\/","og_site_name":"Huber Partner Rechtsanw\u00e4lte GmbH - Wirtschaftsrecht - Linz","article_modified_time":"2022-09-30T09:21:35+00:00","twitter_card":"summary_large_image","twitter_misc":{"Estimated reading time":"1 minute"},"schema":{"@context":"https:\/\/schema.org","@graph":[{"@type":"WebPage","@id":"https:\/\/www.hep.co.at\/en\/contact\/","url":"https:\/\/www.hep.co.at\/en\/contact\/","name":"contact - Huber Partner Rechtsanw\u00e4lte GmbH - Wirtschaftsrecht - Linz","isPartOf":{"@id":"https:\/\/www.hep.co.at\/en\/#website"},"datePublished":"2017-05-25T17:05:34+00:00","dateModified":"2022-09-30T09:21:35+00:00","breadcrumb":{"@id":"https:\/\/www.hep.co.at\/en\/contact\/#breadcrumb"},"inLanguage":"en-GB","potentialAction":[{"@type":"ReadAction","target":["https:\/\/www.hep.co.at\/en\/contact\/"]}]},{"@type":"BreadcrumbList","@id":"https:\/\/www.hep.co.at\/en\/contact\/#breadcrumb","itemListElement":[{"@type":"ListItem","position":1,"name":"Home","item":"https:\/\/www.hep.co.at\/en\/"},{"@type":"ListItem","position":2,"name":"contact"}]},{"@type":"WebSite","@id":"https:\/\/www.hep.co.at\/en\/#website","url":"https:\/\/www.hep.co.at\/en\/","name":"Huber Partner Rechtsanw\u00e4lte GmbH - Wirtschaftsrecht - Linz","description":"Wirtschaftsrecht","potentialAction":[{"@type":"SearchAction","target":{"@type":"EntryPoint","urlTemplate":"https:\/\/www.hep.co.at\/en\/?s={search_term_string}"},"query-input":"required name=search_term_string"}],"inLanguage":"en-GB"}]}},"_links":{"self":[{"href":"https:\/\/www.hep.co.at\/en\/wp-json\/wp\/v2\/pages\/93"}],"collection":[{"href":"https:\/\/www.hep.co.at\/en\/wp-json\/wp\/v2\/pages"}],"about":[{"href":"https:\/\/www.hep.co.at\/en\/wp-json\/wp\/v2\/types\/page"}],"author":[{"embeddable":true,"href":"https:\/\/www.hep.co.at\/en\/wp-json\/wp\/v2\/users\/6"}],"replies":[{"embeddable":true,"href":"https:\/\/www.hep.co.at\/en\/wp-json\/wp\/v2\/comments?post=93"}],"version-history":[{"count":23,"href":"https:\/\/www.hep.co.at\/en\/wp-json\/wp\/v2\/pages\/93\/revisions"}],"predecessor-version":[{"id":1899,"href":"https:\/\/www.hep.co.at\/en\/wp-json\/wp\/v2\/pages\/93\/revisions\/1899"}],"wp:attachment":[{"href":"https:\/\/www.hep.co.at\/en\/wp-json\/wp\/v2\/media?parent=93"}],"curies":[{"name":"wp","href":"https:\/\/api.w.org\/{rel}","templated":true}]}}